{"id":202,"date":"2022-11-20T17:03:00","date_gmt":"2022-11-20T16:03:00","guid":{"rendered":"https:\/\/rheinbold.com\/WP_Hypno\/?page_id=202"},"modified":"2022-11-20T17:03:01","modified_gmt":"2022-11-20T16:03:01","slug":"klopftechniken","status":"publish","type":"page","link":"https:\/\/rheinbold.com\/WP_Hypno\/klopftechniken\/","title":{"rendered":"Klopftechniken"},"content":{"rendered":"\n<p>Was wie Hokuspokus scheint, wirkt enorm!<\/p>\n\n\n\n<p>Eigentlich wei\u00df jeder, dass Ber\u00fchrungen Gef\u00fchle ausl\u00f6sen k\u00f6nnen. M\u00fctter streicheln ihre Kinder zur Beruhigung, Liebende streicheln sich zur Bindungsbest\u00e4tigung, einer traurigen Person legt man die Hand auf den Arm, wenn man sich unsicher f\u00fchlt, h\u00e4lt man sich selbst an den Oberarmen fest.<\/p>\n\n\n\n<p>Dass nun gezieltes Klopfen an bestimmten Punkten tats\u00e4chlich Einfluss auf unser emotionales Zentrum im Gehirn hat, muss uns nicht wundern. Da aber alles am besten wissenschaftlich belegt sein soll, bevor es professionell angewendet werden kann, wurden Scans im funktionellen MRT gemacht, die genau das nachgewiesen haben. Wenn man diverse Punkte beklopft, kann man belastende Emotionen bearbeiten, bis sie nicht mehr belastend sind. Diese Klopftechniken erlauben es, auch ohne das traumatische Erlebnis erneut zu wecken, die damit verkn\u00fcpfte Emotion dauerhaft umzupolen.<\/p>\n\n\n\n<figure class=\"wp-block-image size-full is-resized\"><img loading=\"lazy\" decoding=\"async\" src=\"https:\/\/rheinbold.com\/WP_Hypno\/wp-content\/uploads\/2022\/09\/tapping01skaliert.jpg\" alt=\"\" class=\"wp-image-192\" width=\"329\" height=\"221\" srcset=\"https:\/\/rheinbold.com\/WP_Hypno\/wp-content\/uploads\/2022\/09\/tapping01skaliert.jpg 1000w, https:\/\/rheinbold.com\/WP_Hypno\/wp-content\/uploads\/2022\/09\/tapping01skaliert-300x202.jpg 300w, https:\/\/rheinbold.com\/WP_Hypno\/wp-content\/uploads\/2022\/09\/tapping01skaliert-768x516.jpg 768w\" sizes=\"auto, (max-width: 329px) 100vw, 329px\" \/><\/figure>\n\n\n\n<p>EFT (Emotional Freedom Techniques), MET (Meridian Energie Techniken), PEP (Prozess- und Embodimentfokussierte Psychologie), Klopfakkupressur oder Havening (diese Aufz\u00e4hlung erhebt in keinster Weise einen Anspruch auf Vollst\u00e4ndigkeit) eignen sich hervorragend als Hilfe zur Selbsthilfe und stehen inzwischen nicht nur mehr als begleitende Anwendung, sondern als selbst\u00e4ndige Interventionsform zur Verf\u00fcgung.<\/p>\n\n\n\n<p>Ganz nach Rainer Franke: &#8222;Klopfen Sie sich frei&#8220; (Tutzing, 2004)<\/p>\n","protected":false},"excerpt":{"rendered":"<p>Was wie Hokuspokus scheint, wirkt enorm! Eigentlich wei\u00df jeder, dass Ber\u00fchrungen Gef\u00fchle ausl\u00f6sen k\u00f6nnen. M\u00fctter streicheln ihre Kinder zur Beruhigung, Liebende streicheln sich zur Bindungsbest\u00e4tigung, einer traurigen Person legt man die Hand auf den Arm, wenn man sich unsicher f\u00fchlt, h\u00e4lt man sich selbst an den Oberarmen fest. Dass nun gezieltes Klopfen an bestimmten Punkten &#8230; <a title=\"Klopftechniken\" class=\"read-more\" href=\"https:\/\/rheinbold.com\/WP_Hypno\/klopftechniken\/\">Read more<span class=\"screen-reader-text\">Klopftechniken<\/span><\/a><\/p>\n","protected":false},"author":2,"featured_media":0,"parent":0,"menu_order":0,"comment_status":"closed","ping_status":"closed","template":"","meta":{"footnotes":""},"class_list":["post-202","page","type-page","status-publish"],"_links":{"self":[{"href":"https:\/\/rheinbold.com\/WP_Hypno\/wp-json\/wp\/v2\/pages\/202","targetHints":{"allow":["GET"]}}],"collection":[{"href":"https:\/\/rheinbold.com\/WP_Hypno\/wp-json\/wp\/v2\/pages"}],"about":[{"href":"https:\/\/rheinbold.com\/WP_Hypno\/wp-json\/wp\/v2\/types\/page"}],"author":[{"embeddable":true,"href":"https:\/\/rheinbold.com\/WP_Hypno\/wp-json\/wp\/v2\/users\/2"}],"replies":[{"embeddable":true,"href":"https:\/\/rheinbold.com\/WP_Hypno\/wp-json\/wp\/v2\/comments?post=202"}],"version-history":[{"count":1,"href":"https:\/\/rheinbold.com\/WP_Hypno\/wp-json\/wp\/v2\/pages\/202\/revisions"}],"predecessor-version":[{"id":203,"href":"https:\/\/rheinbold.com\/WP_Hypno\/wp-json\/wp\/v2\/pages\/202\/revisions\/203"}],"wp:attachment":[{"href":"https:\/\/rheinbold.com\/WP_Hypno\/wp-json\/wp\/v2\/media?parent=202"}],"curies":[{"name":"wp","href":"https:\/\/api.w.org\/{rel}","templated":true}]}}