{"id":19,"date":"2022-08-13T08:37:58","date_gmt":"2022-08-13T06:37:58","guid":{"rendered":"http:\/\/localhost\/wordpress\/?page_id=19"},"modified":"2023-01-19T17:45:50","modified_gmt":"2023-01-19T16:45:50","slug":"herzlich-willkommen","status":"publish","type":"page","link":"https:\/\/rheinbold.com\/WP_Hypno\/","title":{"rendered":"Herzlich Willkommen"},"content":{"rendered":"\n<p class=\"has-large-font-size\">bei Hypnose Kaarst!<\/p>\n\n\n\n<p class=\"has-large-font-size\">Wie gut, dass du mich gefunden hast!<\/p>\n\n\n\n<ul class=\"wp-block-list\">\n<li>Du hast schon viele Di\u00e4ten probiert und keinen dauerhaften Erfolg gehabt?<\/li>\n\n\n\n<li>Du denkst, Frauen ab 40 nehmen sowieso nicht so leicht ab?<\/li>\n\n\n\n<li>Du glaubst, ohne Sport oder Di\u00e4t oder Appetitz\u00fcgler kann man nicht abnehmen?<\/li>\n<\/ul>\n\n\n\n<p style=\"font-size:24px\">Dann bist du bei mir richtig!<\/p>\n\n\n\n<p style=\"font-size:24px\">Ich zeige dir, dass es geht und wie es geht! Und dass du jede beliebige andere st\u00f6rende Verhaltensweise \u00e4ndern kannst.<\/p>\n\n\n\n<div class=\"wp-block-columns is-layout-flex wp-container-core-columns-is-layout-9d6595d7 wp-block-columns-is-layout-flex\">\n<div class=\"wp-block-column is-layout-flow wp-block-column-is-layout-flow\">\n<figure class=\"wp-block-image size-full\"><img loading=\"lazy\" decoding=\"async\" width=\"1000\" height=\"655\" src=\"https:\/\/rheinbold.com\/WP_Hypno\/wp-content\/uploads\/2022\/08\/See-mit-SUPskaliert.jpg\" alt=\"\" class=\"wp-image-145\" srcset=\"https:\/\/rheinbold.com\/WP_Hypno\/wp-content\/uploads\/2022\/08\/See-mit-SUPskaliert.jpg 1000w, https:\/\/rheinbold.com\/WP_Hypno\/wp-content\/uploads\/2022\/08\/See-mit-SUPskaliert-300x197.jpg 300w, https:\/\/rheinbold.com\/WP_Hypno\/wp-content\/uploads\/2022\/08\/See-mit-SUPskaliert-768x503.jpg 768w\" sizes=\"auto, (max-width: 1000px) 100vw, 1000px\" \/><figcaption class=\"wp-element-caption\">Created with GIMP<\/figcaption><\/figure>\n<\/div>\n\n\n\n<div class=\"wp-block-column is-layout-flow wp-block-column-is-layout-flow\">\n<p style=\"font-size:24px\">Ich bin Barbara Rheinbold, deine Expertin f\u00fcr eine erfolgreiche und dauerhafte Ver\u00e4nderung durch Hypnose, Mindset und Emotionskontrolle. Mehr dazu findest du <a href=\"https:\/\/rheinbold.com\/WP_Hypno\/ich-moechte-ja-meine-pfunde-loslassen-aber\/\">hier<\/a>.<\/p>\n\n\n\n<p>Mehr zu meiner Person findest du <a href=\"https:\/\/rheinbold.com\/WP_Hypno\/ueber-mich\/\">hier<\/a>.<\/p>\n<\/div>\n<\/div>\n","protected":false},"excerpt":{"rendered":"<p>bei Hypnose Kaarst! Wie gut, dass du mich gefunden hast! Dann bist du bei mir richtig! Ich zeige dir, dass es geht und wie es geht! Und dass du jede beliebige andere st\u00f6rende Verhaltensweise \u00e4ndern kannst. Ich bin Barbara Rheinbold, deine Expertin f\u00fcr eine erfolgreiche und dauerhafte Ver\u00e4nderung durch Hypnose, Mindset und Emotionskontrolle. Mehr dazu &#8230; <a title=\"Herzlich Willkommen\" class=\"read-more\" href=\"https:\/\/rheinbold.com\/WP_Hypno\/\">Read more<span class=\"screen-reader-text\">Herzlich Willkommen<\/span><\/a><\/p>\n","protected":false},"author":1,"featured_media":0,"parent":0,"menu_order":0,"comment_status":"closed","ping_status":"closed","template":"","meta":{"footnotes":""},"class_list":["post-19","page","type-page","status-publish"],"_links":{"self":[{"href":"https:\/\/rheinbold.com\/WP_Hypno\/wp-json\/wp\/v2\/pages\/19","targetHints":{"allow":["GET"]}}],"collection":[{"href":"https:\/\/rheinbold.com\/WP_Hypno\/wp-json\/wp\/v2\/pages"}],"about":[{"href":"https:\/\/rheinbold.com\/WP_Hypno\/wp-json\/wp\/v2\/types\/page"}],"author":[{"embeddable":true,"href":"https:\/\/rheinbold.com\/WP_Hypno\/wp-json\/wp\/v2\/users\/1"}],"replies":[{"embeddable":true,"href":"https:\/\/rheinbold.com\/WP_Hypno\/wp-json\/wp\/v2\/comments?post=19"}],"version-history":[{"count":4,"href":"https:\/\/rheinbold.com\/WP_Hypno\/wp-json\/wp\/v2\/pages\/19\/revisions"}],"predecessor-version":[{"id":231,"href":"https:\/\/rheinbold.com\/WP_Hypno\/wp-json\/wp\/v2\/pages\/19\/revisions\/231"}],"wp:attachment":[{"href":"https:\/\/rheinbold.com\/WP_Hypno\/wp-json\/wp\/v2\/media?parent=19"}],"curies":[{"name":"wp","href":"https:\/\/api.w.org\/{rel}","templated":true}]}}