{"id":154,"date":"2022-08-23T09:33:36","date_gmt":"2022-08-23T07:33:36","guid":{"rendered":"https:\/\/rheinbold.com\/WP_Hypno\/?page_id=154"},"modified":"2023-01-19T17:23:59","modified_gmt":"2023-01-19T16:23:59","slug":"ueber-mich","status":"publish","type":"page","link":"https:\/\/rheinbold.com\/WP_Hypno\/ueber-mich\/","title":{"rendered":"\u00dcber mich"},"content":{"rendered":"\n<p>Seit gut 30 Jahren sind Meditation und Hypnose wichtige Begleiter in meinem Leben. In schwierigen Phasen waren und sind sie noch heute meine wertvollsten Helfer f\u00fcr meine eigenen gro\u00dfen und kleinen Baustellen. Stets finde ich wieder Boden unter den F\u00fc\u00dfen, wenn mir das Leben Aufgaben stellt, die mich herausfordern oder die zun\u00e4chst gar unl\u00f6sbar scheinen.<\/p>\n\n\n\n<p>So ist es f\u00fcr mich nur logisch, dass Hypnose eines meiner Therapieverfahren als Heilpraktikerin f\u00fcr Psychotherapie ist. Meine Kenntnisse und Techniken habe ich in Fortbildungen und Kursen verfeinert und vertieft.<\/p>\n\n\n\n<p>Die energetischen Klopftechniken kamen hinzu. Aus EFT, PEP, MET, Tapping, Havening und Angewandter Kinesiologie habe ich durch praktische Anwendungen die f\u00fcr mich wirkungsvollen Techniken herausgefiltert und mit multi-sensorischen Elementen (alle f\u00fcnf Sinne) f\u00fcr meine Klienten und Patienten erweitert.<\/p>\n\n\n\n<p>Die Systemische Therapie mit den Ideen, eigene Ressourcen zu nutzen und ein Problem aus verschiedenen Perspektiven zu betrachten, ist f\u00fcr mich eine sinnvolle Erg\u00e4nzung.<\/p>\n\n\n\n<p>Ich bilde und entwickle mich stets weiter. Seminare, B\u00fccher, Forschungsergebnisse, Dokumentationen und kollegialer Austausch stehen t\u00e4glich auf dem Programm.<\/p>\n\n\n\n<p>Den Menschen in ihrer Vielfalt mit ihren Emotionen, ihren W\u00fcnschen und den Stolpersteinen in ihrem Leben selbstwirksam zu mehr Lebensqualit\u00e4t zu verhelfen, ist f\u00fcr mich immer wieder eine faszinierende Aufgabe, die mir viel Freude bereitet.<\/p>\n\n\n\n<div class=\"wp-block-columns is-layout-flex wp-container-core-columns-is-layout-9d6595d7 wp-block-columns-is-layout-flex\">\n<div class=\"wp-block-column is-layout-flow wp-block-column-is-layout-flow\">\n<figure class=\"wp-block-image size-full is-resized\"><img loading=\"lazy\" decoding=\"async\" src=\"https:\/\/rheinbold.com\/WP_Hypno\/wp-content\/uploads\/2022\/08\/Rheinspaziergang.jpg\" alt=\"\" class=\"wp-image-156\" width=\"393\" height=\"298\" srcset=\"https:\/\/rheinbold.com\/WP_Hypno\/wp-content\/uploads\/2022\/08\/Rheinspaziergang.jpg 1000w, https:\/\/rheinbold.com\/WP_Hypno\/wp-content\/uploads\/2022\/08\/Rheinspaziergang-300x228.jpg 300w, https:\/\/rheinbold.com\/WP_Hypno\/wp-content\/uploads\/2022\/08\/Rheinspaziergang-768x584.jpg 768w\" sizes=\"auto, (max-width: 393px) 100vw, 393px\" \/><\/figure>\n<\/div>\n\n\n\n<div class=\"wp-block-column is-layout-flow wp-block-column-is-layout-flow\">\n<p>Ich bin 1956 geboren, habe an der Universit\u00e4t D\u00fcsseldorf in den Studienf\u00e4chern Allgemeine Sprachwissenschaft, Germanistik, Romanistik, Entwicklungs- und Erziehungspsychologie, Sozialwissenschaft und Psychologie zahlreiche Seminare besucht, war mehrere Jahre selbstst\u00e4ndig, habe ein chronisch krankes Kind aus dem Iran gro\u00dfgezogen, arbeite aktuell in einem Teilzeit-Anstellungsverh\u00e4ltnis und f\u00fchre meine Praxis nebenberuflich als Heilpraktikerin f\u00fcr Psychotherapie, ausgebildete Hypnotiseurin und psychologische Beraterin. <\/p>\n\n\n\n<p>Ich biete au\u00dferdem Alltagsbegleitung und Haushaltshilfe f\u00fcr Pflegebed\u00fcrftige ab Pflegegrad 1 an.<\/p>\n<\/div>\n<\/div>\n\n\n\n<p>Aktuell lebe ich mit meinem Mann in Kaarst-Vorst in einem Haus mit einem wunderbar wilden Garten. In der 2. Etage habe ich meine kleine Privat-Praxis.<\/p>\n\n\n\n<p><\/p>\n\n\n\n<p><strong>Ungew\u00f6hnliche Fakten \u00fcber mich<\/strong><\/p>\n\n\n\n<p><em>Gartenarbeit ist f\u00fcr mich Entspannung.<\/em><\/p>\n\n\n\n<p><em>Ich w\u00fcrde gerne mal in einer Band mitmachen.<\/em><\/p>\n\n\n\n<p><em>Mir war mindestens die letzten 30 Jahre nicht langweilig.<\/em><\/p>\n\n\n\n<p><em>Ich lackiere gerne irgend etwas.<\/em><\/p>\n\n\n\n<p><em>Ich mag es, ohne Wecker aufzuwachen und dann den Halbschlaftr\u00e4umen nachzusp\u00fcren.<\/em><\/p>\n\n\n\n<p><em>Im Sommer habe ich im Garten ein Kinderplantschbecken und k\u00fchle mich abends darin ab.<\/em><\/p>\n\n\n\n<p><em>Ich liebe Mangos.<\/em><\/p>\n\n\n\n<p><em>Ich habe fr\u00fcher ein Bauchtanzstudio geleitet.<\/em><\/p>\n\n\n\n<p><em>Ich mag das Meer und am Strand barfu\u00df durch den Sand zu laufen.<\/em><\/p>\n\n\n\n<p><em>Ich trinke jeden Morgen als erstes ein Glas Wasser.<\/em><\/p>\n\n\n\n<p><em>Ich habe mit 62 eine neue Berufs<\/em><em>ausbildung<\/em><em> begonnen.<\/em><\/p>\n\n\n\n<p><em>Ich wei\u00df immer noch die erste Telefonnummer unserer Familie.<\/em><\/p>\n\n\n\n<p><em>Eines meiner Hobbys ist Segeln. Ein anderes mein Garten und ein weiteres Target-Whipping.<\/em><\/p>\n\n\n\n<p><em>Ich kann noch in der dritten Etage riechen, wenn auf der Stra\u00dfe jemand mit einer Zigarette vorbei geht.<\/em><\/p>\n\n\n\n<p><em>Haareschneiden empfinde ich als Strafe.<\/em><\/p>\n\n\n\n<p><em>Nee, ne? Doch!<\/em><\/p>\n\n\n\n<figure class=\"wp-block-image size-full is-resized\"><img loading=\"lazy\" decoding=\"async\" src=\"https:\/\/rheinbold.com\/WP_Hypno\/wp-content\/uploads\/2022\/08\/Sardinien.jpg\" alt=\"\" class=\"wp-image-161\" width=\"242\" height=\"182\" srcset=\"https:\/\/rheinbold.com\/WP_Hypno\/wp-content\/uploads\/2022\/08\/Sardinien.jpg 1000w, https:\/\/rheinbold.com\/WP_Hypno\/wp-content\/uploads\/2022\/08\/Sardinien-300x225.jpg 300w, https:\/\/rheinbold.com\/WP_Hypno\/wp-content\/uploads\/2022\/08\/Sardinien-768x576.jpg 768w\" sizes=\"auto, (max-width: 242px) 100vw, 242px\" \/><\/figure>\n","protected":false},"excerpt":{"rendered":"<p>Seit gut 30 Jahren sind Meditation und Hypnose wichtige Begleiter in meinem Leben. In schwierigen Phasen waren und sind sie noch heute meine wertvollsten Helfer f\u00fcr meine eigenen gro\u00dfen und kleinen Baustellen. Stets finde ich wieder Boden unter den F\u00fc\u00dfen, wenn mir das Leben Aufgaben stellt, die mich herausfordern oder die zun\u00e4chst gar unl\u00f6sbar scheinen. &#8230; <a title=\"\u00dcber mich\" class=\"read-more\" href=\"https:\/\/rheinbold.com\/WP_Hypno\/ueber-mich\/\">Read more<span class=\"screen-reader-text\">\u00dcber mich<\/span><\/a><\/p>\n","protected":false},"author":2,"featured_media":0,"parent":0,"menu_order":0,"comment_status":"closed","ping_status":"closed","template":"","meta":{"footnotes":""},"class_list":["post-154","page","type-page","status-publish"],"_links":{"self":[{"href":"https:\/\/rheinbold.com\/WP_Hypno\/wp-json\/wp\/v2\/pages\/154","targetHints":{"allow":["GET"]}}],"collection":[{"href":"https:\/\/rheinbold.com\/WP_Hypno\/wp-json\/wp\/v2\/pages"}],"about":[{"href":"https:\/\/rheinbold.com\/WP_Hypno\/wp-json\/wp\/v2\/types\/page"}],"author":[{"embeddable":true,"href":"https:\/\/rheinbold.com\/WP_Hypno\/wp-json\/wp\/v2\/users\/2"}],"replies":[{"embeddable":true,"href":"https:\/\/rheinbold.com\/WP_Hypno\/wp-json\/wp\/v2\/comments?post=154"}],"version-history":[{"count":7,"href":"https:\/\/rheinbold.com\/WP_Hypno\/wp-json\/wp\/v2\/pages\/154\/revisions"}],"predecessor-version":[{"id":220,"href":"https:\/\/rheinbold.com\/WP_Hypno\/wp-json\/wp\/v2\/pages\/154\/revisions\/220"}],"wp:attachment":[{"href":"https:\/\/rheinbold.com\/WP_Hypno\/wp-json\/wp\/v2\/media?parent=154"}],"curies":[{"name":"wp","href":"https:\/\/api.w.org\/{rel}","templated":true}]}}