{"id":102,"date":"2022-08-13T12:59:02","date_gmt":"2022-08-13T10:59:02","guid":{"rendered":"http:\/\/localhost\/wordpress\/?page_id=102"},"modified":"2023-01-19T17:46:19","modified_gmt":"2023-01-19T16:46:19","slug":"preise","status":"publish","type":"page","link":"https:\/\/rheinbold.com\/WP_Hypno\/preise\/","title":{"rendered":"Preise"},"content":{"rendered":"\n<figure class=\"wp-block-table is-style-regular\"><table><tbody><tr><td><strong>Telefonisches Vorgespr\u00e4ch<\/strong><br>ca. 15 Minuten<\/td><td>kostenfrei<\/td><\/tr><tr><td><strong>Erstgespr\u00e4ch<\/strong><br>mit Entscheidung zur Zusammenarbeit<br>ca. 30 Minuten<\/td><td>inklusive<\/td><\/tr><tr><td><strong>Kompakt-Programm 1<\/strong><br>Professionelle psychologische Begleitung<br>zu gew\u00fcnschten Ver\u00e4nderungen (Gewichtsabnahme oder andere)<br>4 Termine mit 60 bis 90 Minuten inkl. Erstgespr\u00e4ch<br>Tagebuch<br>individuelles Konzept<br>T\u00e4gliches Feedback per Email<br>voraussichtliche Dauer 3 Wochen<\/td><td>300 Euro<\/td><\/tr><tr><td><strong>Kompakt-Programm 2<\/strong><br>Professionelle psychologische Begleitung<br>zur gew\u00fcnschten Gewichtsabnahme<br>4 Termine mit 60 bis 90 Minuten inkl. Erstgespr\u00e4ch<br>Tagebuch<br>individuelles Konzept zur Gewichtsabnahme<br>monatliches Feedback und Support, telefonisch oder Videocall<br>Gesamtzeit 6 Monate<\/td><td>549 Euro<\/td><\/tr><tr><td><strong>Kompakt-Programm 3<\/strong><br>Professionelle psychologische Begleitung beim Nichtraucher werden<br>3 Termine mit 60 bis 90 Minuten inkl. Erstgespr\u00e4ch<br>Tagebuch<br>individuelles Konzept<br>T\u00e4gliches Feedback per Email<br>voraussichtliche Dauer 2 Wochen<\/td><td>400 Euro<\/td><\/tr><tr><td><strong>Anschlusstermine<\/strong><br>60 Minuten<\/td><td>90 Euro<\/td><\/tr><tr><td><strong>Erstgespr\u00e4ch<\/strong><br>ohne weitere Zusammenarbeit<br>ca. 30 Minuten<\/td><td>36 Euro<\/td><\/tr><tr><td><strong>Hypnose-Sitzung<\/strong><br>60 bis 90 Minuten<br>individuelles Kliententhema<\/td><td>125 Euro<\/td><\/tr><tr><td><strong>Hypnose-Sitzung online \u00fcber jitsi<\/strong><code><code>\u2122<\/code><\/code><br>jitsi\u2122 ist ein verschl\u00fcsseltes, kostenfreies, zeitlich unbegrenztes<br>und anonymes Videokonferenz-Tool, das ohne Anmeldung genutzt<br>werden kann. Es wird jeweils ein geheimes Passwort vergeben.<\/td><td>95 Euro<\/td><\/tr><tr><td><strong>Hypnose-Sitzung zum Ausprobieren<\/strong><br>20 bis 30 Minuten<br>F\u00fchrung in Trance ohne spezielles Thema<br>Ausleitung<br>Nachgespr\u00e4ch<\/td><td>30 Euro<\/td><\/tr><tr><td><strong>Psychologische Beratung<\/strong><br>Individuelles Kliententhema<br>60 Minuten<\/td><td>90 Euro<\/td><\/tr><\/tbody><\/table><\/figure>\n\n\n\n<p class=\"has-medium-font-size\">Mehr zu den Themen<\/p>\n\n\n\n<ul class=\"wp-block-list\">\n<li><em>Psychotherapie (HPG)<\/em><\/li>\n\n\n\n<li><em>Hypnose und Tapping\/EFT<\/em><\/li>\n\n\n\n<li><em>Psychologische Beratung<\/em><\/li>\n\n\n\n<li><em>Meditation<\/em><\/li>\n\n\n\n<li><em>Waldbaden &#8211; Waldtanken<\/em><\/li>\n<\/ul>\n\n\n\n<p class=\"has-medium-font-size\">findest du auf <a href=\"https:\/\/rheinbold.com\">rheinbold.com<\/a><\/p>\n\n\n\n<p class=\"has-medium-font-size\">Alle Techniken in meiner Beratungst\u00e4tigkeit ersetzen keinen Arztbesuch, sind keine Therapien und garantieren keine Heilerfolge. Sitzungen zur Psychotherapie erfolgen nach dem Heilpraktikergesetz und sind Selbstzahlerleistungen.<\/p>\n\n\n\n<p class=\"has-medium-font-size\">Meine T\u00e4tigkeit basiert auf Wertsch\u00e4tzung gegen\u00fcber meinen Klienten, auf Orientierung an ihren Zielen, ihren Werten und gr\u00f6\u00dftm\u00f6glicher Selbstwirksamkeit, auf Empathie, gr\u00fcndlicher Ausbildung, professioneller Anwendung, wissenschaftlich erwiesener Wirksamkeit und gr\u00f6\u00dftm\u00f6glicher Wirtschaftlichkeit im Sinne meiner Klienten.<\/p>\n","protected":false},"excerpt":{"rendered":"<p>Telefonisches Vorgespr\u00e4chca. 15 Minuten kostenfrei Erstgespr\u00e4chmit Entscheidung zur Zusammenarbeitca. 30 Minuten inklusive Kompakt-Programm 1Professionelle psychologische Begleitungzu gew\u00fcnschten Ver\u00e4nderungen (Gewichtsabnahme oder andere)4 Termine mit 60 bis 90 Minuten inkl. Erstgespr\u00e4chTagebuchindividuelles KonzeptT\u00e4gliches Feedback per Emailvoraussichtliche Dauer 3 Wochen 300 Euro Kompakt-Programm 2Professionelle psychologische Begleitungzur gew\u00fcnschten Gewichtsabnahme4 Termine mit 60 bis 90 Minuten inkl. Erstgespr\u00e4chTagebuchindividuelles Konzept zur Gewichtsabnahmemonatliches &#8230; <a title=\"Preise\" class=\"read-more\" href=\"https:\/\/rheinbold.com\/WP_Hypno\/preise\/\">Read more<span class=\"screen-reader-text\">Preise<\/span><\/a><\/p>\n","protected":false},"author":1,"featured_media":0,"parent":0,"menu_order":0,"comment_status":"closed","ping_status":"closed","template":"","meta":{"footnotes":""},"class_list":["post-102","page","type-page","status-publish"],"_links":{"self":[{"href":"https:\/\/rheinbold.com\/WP_Hypno\/wp-json\/wp\/v2\/pages\/102","targetHints":{"allow":["GET"]}}],"collection":[{"href":"https:\/\/rheinbold.com\/WP_Hypno\/wp-json\/wp\/v2\/pages"}],"about":[{"href":"https:\/\/rheinbold.com\/WP_Hypno\/wp-json\/wp\/v2\/types\/page"}],"author":[{"embeddable":true,"href":"https:\/\/rheinbold.com\/WP_Hypno\/wp-json\/wp\/v2\/users\/1"}],"replies":[{"embeddable":true,"href":"https:\/\/rheinbold.com\/WP_Hypno\/wp-json\/wp\/v2\/comments?post=102"}],"version-history":[{"count":3,"href":"https:\/\/rheinbold.com\/WP_Hypno\/wp-json\/wp\/v2\/pages\/102\/revisions"}],"predecessor-version":[{"id":230,"href":"https:\/\/rheinbold.com\/WP_Hypno\/wp-json\/wp\/v2\/pages\/102\/revisions\/230"}],"wp:attachment":[{"href":"https:\/\/rheinbold.com\/WP_Hypno\/wp-json\/wp\/v2\/media?parent=102"}],"curies":[{"name":"wp","href":"https:\/\/api.w.org\/{rel}","templated":true}]}}