{"id":100,"date":"2022-08-13T11:04:00","date_gmt":"2022-08-13T09:04:00","guid":{"rendered":"http:\/\/localhost\/wordpress\/?page_id=100"},"modified":"2023-01-19T17:31:28","modified_gmt":"2023-01-19T16:31:28","slug":"angebot","status":"publish","type":"page","link":"https:\/\/rheinbold.com\/WP_Hypno\/angebot\/","title":{"rendered":"Angebot"},"content":{"rendered":"\n<p class=\"has-medium-font-size\">Ich biete dir nachhaltige, zielf\u00fchrende und dauerhafte Hilfe f\u00fcr folgende m\u00f6gliche Situationen:<\/p>\n\n\n\n<ul class=\"wp-block-list\">\n<li>Du bist weiblich, \u00fcber 40 und \u00fcbergewichtig.<\/li>\n\n\n\n<li>Du hast viele Versuche mit <strong>Di\u00e4ten<\/strong> oder anderen Abnehm-Methoden hinter dir, die nicht dauerhaft zu deinem gew\u00fcnschten Ziel gef\u00fchrt haben.<\/li>\n\n\n\n<li>Du w\u00fcnschst dir mehr eigene <strong>Motivation<\/strong>, mehr Motivation von au\u00dfen und mehr <strong>Disziplin<\/strong>.<\/li>\n\n\n\n<li>Du f\u00fchlst dich von den Menschen um dich herum nicht unterst\u00fctzt.<\/li>\n\n\n\n<li>Du erkl\u00e4rst dein Scheitern mit <strong>Gr\u00fcnden<\/strong> wie\n<ul class=\"wp-block-list\">\n<li>\u201ein meiner Familie haben alle <strong>ein paar Pfunde zuviel<\/strong>\u201c oder<\/li>\n\n\n\n<li>\u201edas sind die <strong>Wechseljahre<\/strong>\/die <strong>Hormone<\/strong>\/die <strong>schweren Knochen<\/strong>\u201c oder<\/li>\n\n\n\n<li>\u201eich muss mir doch auch mal was Leckeres <strong>g\u00f6nnen<\/strong> d\u00fcrfen\u201c.Du wei\u00dft genau, dass du dich mit weniger Gewicht <strong>ges\u00fcnder<\/strong> f\u00fchlen w\u00fcrdest, dich selbst lieber m\u00f6gen w\u00fcrdest und viele schicke Kleider im Schrank endlich wieder passen w\u00fcrden.<\/li>\n<\/ul>\n<\/li>\n\n\n\n<li>Du bist wirklich bereit, f\u00fcr dich selbst endlich etwas dauerhaft <strong>Gutes<\/strong> zu tun.<\/li>\n<\/ul>\n\n\n\n<p class=\"has-medium-font-size\">Wenn du bei einem oder mehreren Punkten nickst, dann bin ich die passende Expertin f\u00fcr dich!<\/p>\n\n\n\n<p><strong>Eines vorweg: Du bist nicht Schuld!!!!!!!<\/strong> Alles l\u00e4sst sich \u00e4ndern, wenn du m\u00f6chtest.<\/p>\n\n\n\n<p class=\"has-medium-font-size\">Ich habe eine Kombination von verschiedenen Methoden entwickelt, die auch in scheinbar hoffnungslosen F\u00e4llen zu den gew\u00fcnschten Erfolgen f\u00fchrt.<\/p>\n\n\n\n<p class=\"has-medium-font-size\">Die Basis ist das Prinzip der <strong><a href=\"https:\/\/rheinbold.com\/WP_Hypno\/prinzip-der-kleinen-schritte\/\">kleinen Schritte<\/a><\/strong>. In ganz kleinen Schritten beginnen wir mit Ver\u00e4nderungen von Gewohnheiten, zun\u00e4chst mit einem Glas Wasser am Morgen. Dieses Prinzip wird auf weitere Ver\u00e4nderungen \u00fcbertragen. Dabei lernt das <strong>Gehirn<\/strong> neue <strong>Gewohnheiten<\/strong>, mit denen die alten sch\u00e4dlichen Gewohnheiten tats\u00e4chlich \u00fcberschrieben werden. Ein solcher Prozess dauert erfahrungsgem\u00e4\u00df mindesten 21 Tage, bis er sich gefestigt hat.<\/p>\n\n\n\n<p class=\"has-medium-font-size\">Ein weiteres Element der Kombination ist die <strong><a href=\"https:\/\/rheinbold.com\/WP_Hypno\/hypnose-in-einen-trancezustand-gehen\/\">Hypnose<\/a><\/strong>. Hypnose ist verantwortungsvolle und erfahrene Hilfe, in einen <strong>Trancezustand<\/strong> zu kommen, in dem wir Menschen unbewusste <strong>Blockaden<\/strong> erkennen k\u00f6nnen. Diese Blockaden k\u00f6nnen dann gel\u00f6st werden. Blockaden k\u00f6nnen unbewusste <strong>Glaubenss\u00e4tze<\/strong> oder <strong>ererbte<\/strong> <strong>\u00dcberzeugungen<\/strong> sein, die gar nicht mehr in unser heutiges Leben passen, aber immer noch unser <strong>Verhalten<\/strong> und unsere <strong>Emotionen<\/strong> <strong>steuern<\/strong>.<\/p>\n\n\n\n<p class=\"has-medium-font-size\">Das dritte Element der Kombination sind energetische <strong><a href=\"https:\/\/rheinbold.com\/WP_Hypno\/klopftechniken\/\">Klopftechniken<\/a><\/strong> auf der Basis des EFT (Emotional Freedom Techniques nach Gary Craig). <\/p>\n\n\n\n<figure class=\"wp-block-image size-full is-resized\"><img loading=\"lazy\" decoding=\"async\" src=\"https:\/\/rheinbold.com\/WP_Hypno\/wp-content\/uploads\/2022\/09\/tapping01skaliert.jpg\" alt=\"\" class=\"wp-image-192\" width=\"367\" height=\"246\" srcset=\"https:\/\/rheinbold.com\/WP_Hypno\/wp-content\/uploads\/2022\/09\/tapping01skaliert.jpg 1000w, https:\/\/rheinbold.com\/WP_Hypno\/wp-content\/uploads\/2022\/09\/tapping01skaliert-300x202.jpg 300w, https:\/\/rheinbold.com\/WP_Hypno\/wp-content\/uploads\/2022\/09\/tapping01skaliert-768x516.jpg 768w\" sizes=\"auto, (max-width: 367px) 100vw, 367px\" \/><\/figure>\n\n\n\n<p class=\"has-medium-font-size\">Belastende Emotionen k\u00f6nnen durch Beklopfen bestimmter K\u00f6rperpunkte wie mit einem Lautst\u00e4rkeregler verringert oder gar gel\u00f6scht werden. Die Emotion bleibt, die Belastung ist weg.<\/p>\n\n\n\n<p class=\"has-medium-font-size\">Damit erg\u00e4nzen sich alle drei Elemente zu einer angenehmen und wirksamen Methode, die <strong>ohne Stress<\/strong>, ohne <strong>Kalorienz\u00e4hlen<\/strong>, ohne kraftraubende Disziplin und ohne aufw\u00fchlende <strong>Seelenforschung<\/strong> zu den gew\u00fcnschten Zielen f\u00fchrt. Gleichzeitig wird sich dein Selbstbild von einer \u00fcbergewichtigen Person in das Selbstbild einer normalgewichtigen Person \u00e4ndern. Dies ist ein wichtiger Schritt f\u00fcr eine dauerhafte und nachhaltige Ver\u00e4nderung. Mehr dazu <a href=\"https:\/\/rheinbold.com\/WP_Hypno\/ich-moechte-ja-meine-pfunde-loslassen-aber\/\">hier.<\/a><\/p>\n\n\n\n<p class=\"has-medium-font-size\">Ich freue mich sehr, dass du bis hierhin gelesen hast. Du bist neugierig und es interessiert dich.<\/p>\n\n\n\n<p class=\"has-medium-font-size\">Aber sicherlich hast du dazu jetzt doch noch Fragen.<\/p>\n\n\n\n<p class=\"has-medium-font-size\">Ruf mich doch einfach an oder schreib mir eine Email.<\/p>\n\n\n\n<p class=\"has-medium-font-size\">Ich freue mich auf deine Fragen!<\/p>\n\n\n\n<p class=\"has-medium-font-size\">Oder du hast ein v\u00f6llig anderes Problem, bei dem ich dir helfen k\u00f6nnte.<\/p>\n\n\n\n<p class=\"has-medium-font-size\">Siehe auch z.B. &#8222;Nichtraucher werden&#8220; unter <a href=\"https:\/\/rheinbold.com\/WP_Hypno\/preise\/\">Preise.<\/a><\/p>\n\n\n\n<p class=\"has-medium-font-size\"><strong>Montags von 19.30 h bis 20.30 h habe ich eine offene Sprechstunde, in der ich gut erreichbar bin.<\/strong><\/p>\n\n\n\n<p class=\"has-medium-font-size\"><em><strong>Der wichtigste Schritt ist der erste Schritt!<\/strong><\/em><\/p>\n\n\n\n<p class=\"has-medium-font-size\">Kontakt: Telefon 0177 224 84 92 oder per EMail: <a href=\"mailto:barbara@rheinbold.com\" data-type=\"mailto\" data-id=\"mailto:x\" target=\"_blank\" rel=\"noreferrer noopener\">barbara@rheinbold.com<\/a><\/p>\n","protected":false},"excerpt":{"rendered":"<p>Ich biete dir nachhaltige, zielf\u00fchrende und dauerhafte Hilfe f\u00fcr folgende m\u00f6gliche Situationen: Wenn du bei einem oder mehreren Punkten nickst, dann bin ich die passende Expertin f\u00fcr dich! Eines vorweg: Du bist nicht Schuld!!!!!!! Alles l\u00e4sst sich \u00e4ndern, wenn du m\u00f6chtest. Ich habe eine Kombination von verschiedenen Methoden entwickelt, die auch in scheinbar hoffnungslosen F\u00e4llen &#8230; <a title=\"Angebot\" class=\"read-more\" href=\"https:\/\/rheinbold.com\/WP_Hypno\/angebot\/\">Read more<span class=\"screen-reader-text\">Angebot<\/span><\/a><\/p>\n","protected":false},"author":1,"featured_media":0,"parent":0,"menu_order":0,"comment_status":"closed","ping_status":"closed","template":"","meta":{"footnotes":""},"class_list":["post-100","page","type-page","status-publish"],"_links":{"self":[{"href":"https:\/\/rheinbold.com\/WP_Hypno\/wp-json\/wp\/v2\/pages\/100","targetHints":{"allow":["GET"]}}],"collection":[{"href":"https:\/\/rheinbold.com\/WP_Hypno\/wp-json\/wp\/v2\/pages"}],"about":[{"href":"https:\/\/rheinbold.com\/WP_Hypno\/wp-json\/wp\/v2\/types\/page"}],"author":[{"embeddable":true,"href":"https:\/\/rheinbold.com\/WP_Hypno\/wp-json\/wp\/v2\/users\/1"}],"replies":[{"embeddable":true,"href":"https:\/\/rheinbold.com\/WP_Hypno\/wp-json\/wp\/v2\/comments?post=100"}],"version-history":[{"count":13,"href":"https:\/\/rheinbold.com\/WP_Hypno\/wp-json\/wp\/v2\/pages\/100\/revisions"}],"predecessor-version":[{"id":226,"href":"https:\/\/rheinbold.com\/WP_Hypno\/wp-json\/wp\/v2\/pages\/100\/revisions\/226"}],"wp:attachment":[{"href":"https:\/\/rheinbold.com\/WP_Hypno\/wp-json\/wp\/v2\/media?parent=100"}],"curies":[{"name":"wp","href":"https:\/\/api.w.org\/{rel}","templated":true}]}}